{"id":32,"date":"2021-05-25T10:15:10","date_gmt":"2021-05-25T10:15:10","guid":{"rendered":"http:\/\/junglaestudio.com\/?page_id=32"},"modified":"2023-02-23T19:46:03","modified_gmt":"2023-02-23T19:46:03","slug":"contacto","status":"publish","type":"page","link":"https:\/\/junglaestudio.com\/?page_id=32","title":{"rendered":"Contacto"},"content":{"rendered":"\t\t<div data-elementor-type=\"wp-page\" data-elementor-id=\"32\" class=\"elementor elementor-32\">\n\t\t\t\t\t\t<section class=\"elementor-section elementor-top-section elementor-element elementor-element-3f048ac elementor-section-height-min-height elementor-section-boxed elementor-section-height-default elementor-section-items-middle\" data-id=\"3f048ac\" data-element_type=\"section\" data-e-type=\"section\" data-settings=\"{&quot;background_background&quot;:&quot;classic&quot;}\">\n\t\t\t\t\t\t\t<div class=\"elementor-background-overlay\"><\/div>\n\t\t\t\t\t\t\t<div class=\"elementor-container elementor-column-gap-no\">\n\t\t\t\t\t<div class=\"elementor-column elementor-col-100 elementor-top-column elementor-element elementor-element-31e8ff1\" data-id=\"31e8ff1\" data-element_type=\"column\" data-e-type=\"column\">\n\t\t\t<div class=\"elementor-widget-wrap elementor-element-populated\">\n\t\t\t\t\t\t<div class=\"elementor-element elementor-element-20b8845 elementor-widget elementor-widget-heading\" data-id=\"20b8845\" data-element_type=\"widget\" data-e-type=\"widget\" data-widget_type=\"heading.default\">\n\t\t\t\t<div class=\"elementor-widget-container\">\n\t\t\t\t\t<h1 class=\"elementor-heading-title elementor-size-default\">Contacto<\/h1>\t\t\t\t<\/div>\n\t\t\t\t<\/div>\n\t\t\t\t\t<\/div>\n\t\t<\/div>\n\t\t\t\t\t<\/div>\n\t\t<\/section>\n\t\t\t\t<section class=\"elementor-section elementor-top-section elementor-element elementor-element-f187575 elementor-section-boxed elementor-section-height-default elementor-section-height-default\" data-id=\"f187575\" data-element_type=\"section\" data-e-type=\"section\" data-settings=\"{&quot;background_background&quot;:&quot;classic&quot;}\">\n\t\t\t\t\t\t<div class=\"elementor-container elementor-column-gap-no\">\n\t\t\t\t\t<div class=\"elementor-column elementor-col-50 elementor-top-column elementor-element elementor-element-d9739ed\" data-id=\"d9739ed\" data-element_type=\"column\" data-e-type=\"column\">\n\t\t\t<div class=\"elementor-widget-wrap elementor-element-populated\">\n\t\t\t\t\t\t<div class=\"elementor-element elementor-element-2e05bd4 elementor-widget elementor-widget-heading\" data-id=\"2e05bd4\" data-element_type=\"widget\" data-e-type=\"widget\" data-widget_type=\"heading.default\">\n\t\t\t\t<div class=\"elementor-widget-container\">\n\t\t\t\t\t<h2 class=\"elementor-heading-title elementor-size-default\">\u00bfC\u00f3mo puedo ayudarte?<\/h2>\t\t\t\t<\/div>\n\t\t\t\t<\/div>\n\t\t\t\t<div class=\"elementor-element elementor-element-27c3d00 elementor-widget elementor-widget-text-editor\" data-id=\"27c3d00\" data-element_type=\"widget\" data-e-type=\"widget\" data-widget_type=\"text-editor.default\">\n\t\t\t\t<div class=\"elementor-widget-container\">\n\t\t\t\t\t\t\t\t\t<p>Ponte en contacto con nosotros por correo electr\u00f3nico o llamada si desea m\u00e1s informaci\u00f3n sobre nuestros servicios<\/p>\t\t\t\t\t\t\t\t<\/div>\n\t\t\t\t<\/div>\n\t\t\t\t<div class=\"elementor-element elementor-element-e251f34 elementor-icon-list--layout-traditional elementor-list-item-link-full_width elementor-widget elementor-widget-icon-list\" data-id=\"e251f34\" data-element_type=\"widget\" data-e-type=\"widget\" data-widget_type=\"icon-list.default\">\n\t\t\t\t<div class=\"elementor-widget-container\">\n\t\t\t\t\t\t\t<ul class=\"elementor-icon-list-items\">\n\t\t\t\t\t\t\t<li class=\"elementor-icon-list-item\">\n\t\t\t\t\t\t\t\t\t\t\t<span class=\"elementor-icon-list-icon\">\n\t\t\t\t\t\t\t<i aria-hidden=\"true\" class=\"fas fa-map-marker-alt\"><\/i>\t\t\t\t\t\t<\/span>\n\t\t\t\t\t\t\t\t\t\t<span class=\"elementor-icon-list-text\">Cerro del Oro 64 A, Cenes de la Vega (Granada), 18190<\/span>\n\t\t\t\t\t\t\t\t\t<\/li>\n\t\t\t\t\t\t\t\t<li class=\"elementor-icon-list-item\">\n\t\t\t\t\t\t\t\t\t\t\t<span class=\"elementor-icon-list-icon\">\n\t\t\t\t\t\t\t<i aria-hidden=\"true\" class=\"fas fa-phone\"><\/i>\t\t\t\t\t\t<\/span>\n\t\t\t\t\t\t\t\t\t\t<span class=\"elementor-icon-list-text\">+34 696 851 955<\/span>\n\t\t\t\t\t\t\t\t\t<\/li>\n\t\t\t\t\t\t\t\t<li class=\"elementor-icon-list-item\">\n\t\t\t\t\t\t\t\t\t\t\t<span class=\"elementor-icon-list-icon\">\n\t\t\t\t\t\t\t<i aria-hidden=\"true\" class=\"fas fa-envelope\"><\/i>\t\t\t\t\t\t<\/span>\n\t\t\t\t\t\t\t\t\t\t<span class=\"elementor-icon-list-text\">hola@junglaestudio@gmail.com<\/span>\n\t\t\t\t\t\t\t\t\t<\/li>\n\t\t\t\t\t\t<\/ul>\n\t\t\t\t\t\t<\/div>\n\t\t\t\t<\/div>\n\t\t\t\t<div class=\"elementor-element elementor-element-74fbf78 elementor-widget elementor-widget-button\" data-id=\"74fbf78\" data-element_type=\"widget\" data-e-type=\"widget\" data-widget_type=\"button.default\">\n\t\t\t\t<div class=\"elementor-widget-container\">\n\t\t\t\t\t\t\t\t\t<div class=\"elementor-button-wrapper\">\n\t\t\t\t\t<a class=\"elementor-button elementor-button-link elementor-size-sm\" href=\"https:\/\/goo.gl\/maps\/4LccaQYx1GBKvQZT6\" target=\"_blank\">\n\t\t\t\t\t\t<span class=\"elementor-button-content-wrapper\">\n\t\t\t\t\t\t<span class=\"elementor-button-icon\">\n\t\t\t\t<svg xmlns=\"http:\/\/www.w3.org\/2000\/svg\" viewBox=\"0 0 2048 2048\"><path d=\"M6.125 1088h1797.89l-402.976 403 89.994 90L2048 1024l-556.966-557-89.994 90 402.976 403H6.125v128z\"><\/path><\/svg>\t\t\t<\/span>\n\t\t\t\t\t\t\t\t\t<span class=\"elementor-button-text\">Obt\u00e9n ubicaci\u00f3n<\/span>\n\t\t\t\t\t<\/span>\n\t\t\t\t\t<\/a>\n\t\t\t\t<\/div>\n\t\t\t\t\t\t\t\t<\/div>\n\t\t\t\t<\/div>\n\t\t\t\t<div class=\"elementor-element elementor-element-441afb3 elementor-widget elementor-widget-google_maps\" data-id=\"441afb3\" data-element_type=\"widget\" data-e-type=\"widget\" data-widget_type=\"google_maps.default\">\n\t\t\t\t<div class=\"elementor-widget-container\">\n\t\t\t\t\t\t\t<div class=\"elementor-custom-embed\">\n\t\t\t<iframe loading=\"lazy\"\n\t\t\t\t\tsrc=\"https:\/\/maps.google.com\/maps?q=Cerro%20del%20Oro%2064A%2C%20Cenes%20de%20la%20Vega%2C%20Jungla%20Estudio&#038;t=m&#038;z=12&#038;output=embed&#038;iwloc=near\"\n\t\t\t\t\ttitle=\"Cerro del Oro 64A, Cenes de la Vega, Jungla Estudio\"\n\t\t\t\t\taria-label=\"Cerro del Oro 64A, Cenes de la Vega, Jungla Estudio\"\n\t\t\t><\/iframe>\n\t\t<\/div>\n\t\t\t\t\t\t<\/div>\n\t\t\t\t<\/div>\n\t\t\t\t\t<\/div>\n\t\t<\/div>\n\t\t\t\t<div class=\"elementor-column elementor-col-50 elementor-top-column elementor-element elementor-element-9f00a16\" data-id=\"9f00a16\" data-element_type=\"column\" data-e-type=\"column\" data-settings=\"{&quot;background_background&quot;:&quot;classic&quot;}\">\n\t\t\t<div class=\"elementor-widget-wrap elementor-element-populated\">\n\t\t\t\t\t\t<div class=\"elementor-element elementor-element-2c923df elementor-widget elementor-widget-heading\" data-id=\"2c923df\" data-element_type=\"widget\" data-e-type=\"widget\" data-widget_type=\"heading.default\">\n\t\t\t\t<div class=\"elementor-widget-container\">\n\t\t\t\t\t<h5 class=\"elementor-heading-title elementor-size-default\">Env\u00edanos un mensaje<\/h5>\t\t\t\t<\/div>\n\t\t\t\t<\/div>\n\t\t\t\t<div class=\"elementor-element elementor-element-cb51b95 elementor-widget elementor-widget-text-editor\" data-id=\"cb51b95\" data-element_type=\"widget\" data-e-type=\"widget\" data-widget_type=\"text-editor.default\">\n\t\t\t\t<div class=\"elementor-widget-container\">\n\t\t\t\t\t\t\t\t\t<p>Estaremos encantados de responder a todas tus dudas<\/p>\t\t\t\t\t\t\t\t<\/div>\n\t\t\t\t<\/div>\n\t\t\t\t\t<\/div>\n\t\t<\/div>\n\t\t\t\t\t<\/div>\n\t\t<\/section>\n\t\t\t\t<\/div>\n\t\t","protected":false},"excerpt":{"rendered":"<p>Contacto \u00bfC\u00f3mo puedo ayudarte? Ponte en contacto con nosotros por correo electr\u00f3nico o llamada si desea m\u00e1s informaci\u00f3n sobre nuestros servicios Cerro del Oro 64 A, Cenes de la Vega (Granada), 18190 +34 696 851 955 hola@junglaestudio@gmail.com Obt\u00e9n ubicaci\u00f3n Env\u00edanos un mensaje Estaremos encantados de responder a todas tus dudas [wpforms id=\u00bb5&#8243; title=\u00bbfalse\u00bb description=\u00bbfalse\u00bb]<\/p>\n","protected":false},"author":1,"featured_media":0,"parent":0,"menu_order":0,"comment_status":"closed","ping_status":"closed","template":"","meta":{"om_disable_all_campaigns":false,"_monsterinsights_skip_tracking":false,"_monsterinsights_sitenote_active":false,"_monsterinsights_sitenote_note":"","_monsterinsights_sitenote_category":0,"site-sidebar-layout":"no-sidebar","site-content-layout":"page-builder","ast-site-content-layout":"default","site-content-style":"default","site-sidebar-style":"default","ast-global-header-display":"","ast-banner-title-visibility":"","ast-main-header-display":"","ast-hfb-above-header-display":"","ast-hfb-below-header-display":"","ast-hfb-mobile-header-display":"","site-post-title":"disabled","ast-breadcrumbs-content":"disabled","ast-featured-img":"disabled","footer-sml-layout":"","ast-disable-related-posts":"","theme-transparent-header-meta":"enabled","adv-header-id-meta":"","stick-header-meta":"","header-above-stick-meta":"","header-main-stick-meta":"","header-below-stick-meta":"","astra-migrate-meta-layouts":"default","ast-page-background-enabled":"default","ast-page-background-meta":{"desktop":{"background-color":"","background-image":"","background-repeat":"repeat","background-position":"center center","background-size":"auto","background-attachment":"scroll","background-type":"","background-media":"","overlay-type":"","overlay-color":"","overlay-opacity":"","overlay-gradient":""},"tablet":{"background-color":"","background-image":"","background-repeat":"repeat","background-position":"center center","background-size":"auto","background-attachment":"scroll","background-type":"","background-media":"","overlay-type":"","overlay-color":"","overlay-opacity":"","overlay-gradient":""},"mobile":{"background-color":"","background-image":"","background-repeat":"repeat","background-position":"center center","background-size":"auto","background-attachment":"scroll","background-type":"","background-media":"","overlay-type":"","overlay-color":"","overlay-opacity":"","overlay-gradient":""}},"ast-content-background-meta":{"desktop":{"background-color":"var(--ast-global-color-5)","background-image":"","background-repeat":"repeat","background-position":"center center","background-size":"auto","background-attachment":"scroll","background-type":"","background-media":"","overlay-type":"","overlay-color":"","overlay-opacity":"","overlay-gradient":""},"tablet":{"background-color":"var(--ast-global-color-5)","background-image":"","background-repeat":"repeat","background-position":"center center","background-size":"auto","background-attachment":"scroll","background-type":"","background-media":"","overlay-type":"","overlay-color":"","overlay-opacity":"","overlay-gradient":""},"mobile":{"background-color":"var(--ast-global-color-5)","background-image":"","background-repeat":"repeat","background-position":"center center","background-size":"auto","background-attachment":"scroll","background-type":"","background-media":"","overlay-type":"","overlay-color":"","overlay-opacity":"","overlay-gradient":""}},"footnotes":""},"class_list":["post-32","page","type-page","status-publish","hentry"],"yoast_head":"<!-- This site is optimized with the Yoast SEO plugin v27.4 - https:\/\/yoast.com\/product\/yoast-seo-wordpress\/ -->\n<title>Contacto &#8211; Jungla Estudio<\/title>\n<meta name=\"description\" content=\"Escr\u00edbenos a hola@junglaestudio.com si eres artista, productor musical, t\u00e9cnico o ingeniero de sonido, locutor o quieres hacer tu podcast.\" \/>\n<meta name=\"robots\" content=\"index, follow, max-snippet:-1, max-image-preview:large, max-video-preview:-1\" \/>\n<link rel=\"canonical\" href=\"https:\/\/junglaestudio.com\/?page_id=32\" \/>\n<meta property=\"og:locale\" content=\"es_ES\" \/>\n<meta property=\"og:type\" content=\"article\" \/>\n<meta property=\"og:title\" content=\"Contacto &#8211; Jungla Estudio\" \/>\n<meta property=\"og:description\" content=\"Escr\u00edbenos a hola@junglaestudio.com si eres artista, productor musical, t\u00e9cnico o ingeniero de sonido, locutor o quieres hacer tu podcast.\" \/>\n<meta property=\"og:url\" content=\"https:\/\/junglaestudio.com\/?page_id=32\" \/>\n<meta property=\"og:site_name\" content=\"Jungla Estudio\" \/>\n<meta property=\"article:publisher\" content=\"https:\/\/www.facebook.com\/profile.php?id=100088357076373\" \/>\n<meta property=\"article:modified_time\" content=\"2023-02-23T19:46:03+00:00\" \/>\n<meta property=\"og:image\" content=\"https:\/\/junglaestudio.com\/wp-content\/uploads\/2023\/02\/control-room-2er-round-1-de-12.jpg\" \/>\n\t<meta property=\"og:image:width\" content=\"1920\" \/>\n\t<meta property=\"og:image:height\" content=\"1280\" \/>\n\t<meta property=\"og:image:type\" content=\"image\/jpeg\" \/>\n<meta name=\"twitter:card\" content=\"summary_large_image\" \/>\n<script type=\"application\/ld+json\" class=\"yoast-schema-graph\">{\"@context\":\"https:\\\/\\\/schema.org\",\"@graph\":[{\"@type\":\"WebPage\",\"@id\":\"https:\\\/\\\/junglaestudio.com\\\/?page_id=32\",\"url\":\"https:\\\/\\\/junglaestudio.com\\\/?page_id=32\",\"name\":\"Contacto &#8211; Jungla Estudio\",\"isPartOf\":{\"@id\":\"https:\\\/\\\/junglaestudio.com\\\/#website\"},\"datePublished\":\"2021-05-25T10:15:10+00:00\",\"dateModified\":\"2023-02-23T19:46:03+00:00\",\"description\":\"Escr\u00edbenos a hola@junglaestudio.com si eres artista, productor musical, t\u00e9cnico o ingeniero de sonido, locutor o quieres hacer tu podcast.\",\"breadcrumb\":{\"@id\":\"https:\\\/\\\/junglaestudio.com\\\/?page_id=32#breadcrumb\"},\"inLanguage\":\"es\",\"potentialAction\":[{\"@type\":\"ReadAction\",\"target\":[\"https:\\\/\\\/junglaestudio.com\\\/?page_id=32\"]}]},{\"@type\":\"BreadcrumbList\",\"@id\":\"https:\\\/\\\/junglaestudio.com\\\/?page_id=32#breadcrumb\",\"itemListElement\":[{\"@type\":\"ListItem\",\"position\":1,\"name\":\"Home\",\"item\":\"https:\\\/\\\/junglaestudio.com\\\/\"},{\"@type\":\"ListItem\",\"position\":2,\"name\":\"Contacto\"}]},{\"@type\":\"WebSite\",\"@id\":\"https:\\\/\\\/junglaestudio.com\\\/#website\",\"url\":\"https:\\\/\\\/junglaestudio.com\\\/\",\"name\":\"Jungla Estudio - Producci\u00f3n Musical, grabaci\u00f3n, mezcla y mastering\",\"description\":\"Grabaci\u00f3n, mezcla y mastering para tu m\u00fasica, locuciones o podcast\",\"publisher\":{\"@id\":\"https:\\\/\\\/junglaestudio.com\\\/#organization\"},\"alternateName\":\"Grabaci\u00f3n Sonido Mezcla Mastering Locuciones Podcast Dise\u00f1o Sonoro Granada Produce Audio\",\"potentialAction\":[{\"@type\":\"SearchAction\",\"target\":{\"@type\":\"EntryPoint\",\"urlTemplate\":\"https:\\\/\\\/junglaestudio.com\\\/?s={search_term_string}\"},\"query-input\":{\"@type\":\"PropertyValueSpecification\",\"valueRequired\":true,\"valueName\":\"search_term_string\"}}],\"inLanguage\":\"es\"},{\"@type\":\"Organization\",\"@id\":\"https:\\\/\\\/junglaestudio.com\\\/#organization\",\"name\":\"Jungla Estudio\",\"alternateName\":\"Grabaciones. Jungla Estudio es el lugar ideal para inspirarte, producir m\u00fasica y convertir el dise\u00f1o sonoro de tus proyectos en el audio m\u00e1s profesional\",\"url\":\"https:\\\/\\\/junglaestudio.com\\\/\",\"logo\":{\"@type\":\"ImageObject\",\"inLanguage\":\"es\",\"@id\":\"https:\\\/\\\/junglaestudio.com\\\/#\\\/schema\\\/logo\\\/image\\\/\",\"url\":\"https:\\\/\\\/junglaestudio.com\\\/wp-content\\\/uploads\\\/2023\\\/01\\\/cropped-cropped-Mesa-de-trabajo-1.png\",\"contentUrl\":\"https:\\\/\\\/junglaestudio.com\\\/wp-content\\\/uploads\\\/2023\\\/01\\\/cropped-cropped-Mesa-de-trabajo-1.png\",\"width\":512,\"height\":512,\"caption\":\"Jungla Estudio\"},\"image\":{\"@id\":\"https:\\\/\\\/junglaestudio.com\\\/#\\\/schema\\\/logo\\\/image\\\/\"},\"sameAs\":[\"https:\\\/\\\/www.facebook.com\\\/profile.php?id=100088357076373\",\"https:\\\/\\\/www.instagram.com\\\/junglaestudio_musica\\\/?hl=es\",\"https:\\\/\\\/www.youtube.com\\\/channel\\\/UC_QtHim6M3G1wjrpMjLQInA\"]}]}<\/script>\n<!-- \/ Yoast SEO plugin. -->","yoast_head_json":{"title":"Contacto &#8211; Jungla Estudio","description":"Escr\u00edbenos a hola@junglaestudio.com si eres artista, productor musical, t\u00e9cnico o ingeniero de sonido, locutor o quieres hacer tu podcast.","robots":{"index":"index","follow":"follow","max-snippet":"max-snippet:-1","max-image-preview":"max-image-preview:large","max-video-preview":"max-video-preview:-1"},"canonical":"https:\/\/junglaestudio.com\/?page_id=32","og_locale":"es_ES","og_type":"article","og_title":"Contacto &#8211; Jungla Estudio","og_description":"Escr\u00edbenos a hola@junglaestudio.com si eres artista, productor musical, t\u00e9cnico o ingeniero de sonido, locutor o quieres hacer tu podcast.","og_url":"https:\/\/junglaestudio.com\/?page_id=32","og_site_name":"Jungla Estudio","article_publisher":"https:\/\/www.facebook.com\/profile.php?id=100088357076373","article_modified_time":"2023-02-23T19:46:03+00:00","og_image":[{"width":1920,"height":1280,"url":"https:\/\/junglaestudio.com\/wp-content\/uploads\/2023\/02\/control-room-2er-round-1-de-12.jpg","type":"image\/jpeg"}],"twitter_card":"summary_large_image","schema":{"@context":"https:\/\/schema.org","@graph":[{"@type":"WebPage","@id":"https:\/\/junglaestudio.com\/?page_id=32","url":"https:\/\/junglaestudio.com\/?page_id=32","name":"Contacto &#8211; Jungla Estudio","isPartOf":{"@id":"https:\/\/junglaestudio.com\/#website"},"datePublished":"2021-05-25T10:15:10+00:00","dateModified":"2023-02-23T19:46:03+00:00","description":"Escr\u00edbenos a hola@junglaestudio.com si eres artista, productor musical, t\u00e9cnico o ingeniero de sonido, locutor o quieres hacer tu podcast.","breadcrumb":{"@id":"https:\/\/junglaestudio.com\/?page_id=32#breadcrumb"},"inLanguage":"es","potentialAction":[{"@type":"ReadAction","target":["https:\/\/junglaestudio.com\/?page_id=32"]}]},{"@type":"BreadcrumbList","@id":"https:\/\/junglaestudio.com\/?page_id=32#breadcrumb","itemListElement":[{"@type":"ListItem","position":1,"name":"Home","item":"https:\/\/junglaestudio.com\/"},{"@type":"ListItem","position":2,"name":"Contacto"}]},{"@type":"WebSite","@id":"https:\/\/junglaestudio.com\/#website","url":"https:\/\/junglaestudio.com\/","name":"Jungla Estudio - Producci\u00f3n Musical, grabaci\u00f3n, mezcla y mastering","description":"Grabaci\u00f3n, mezcla y mastering para tu m\u00fasica, locuciones o podcast","publisher":{"@id":"https:\/\/junglaestudio.com\/#organization"},"alternateName":"Grabaci\u00f3n Sonido Mezcla Mastering Locuciones Podcast Dise\u00f1o Sonoro Granada Produce Audio","potentialAction":[{"@type":"SearchAction","target":{"@type":"EntryPoint","urlTemplate":"https:\/\/junglaestudio.com\/?s={search_term_string}"},"query-input":{"@type":"PropertyValueSpecification","valueRequired":true,"valueName":"search_term_string"}}],"inLanguage":"es"},{"@type":"Organization","@id":"https:\/\/junglaestudio.com\/#organization","name":"Jungla Estudio","alternateName":"Grabaciones. Jungla Estudio es el lugar ideal para inspirarte, producir m\u00fasica y convertir el dise\u00f1o sonoro de tus proyectos en el audio m\u00e1s profesional","url":"https:\/\/junglaestudio.com\/","logo":{"@type":"ImageObject","inLanguage":"es","@id":"https:\/\/junglaestudio.com\/#\/schema\/logo\/image\/","url":"https:\/\/junglaestudio.com\/wp-content\/uploads\/2023\/01\/cropped-cropped-Mesa-de-trabajo-1.png","contentUrl":"https:\/\/junglaestudio.com\/wp-content\/uploads\/2023\/01\/cropped-cropped-Mesa-de-trabajo-1.png","width":512,"height":512,"caption":"Jungla Estudio"},"image":{"@id":"https:\/\/junglaestudio.com\/#\/schema\/logo\/image\/"},"sameAs":["https:\/\/www.facebook.com\/profile.php?id=100088357076373","https:\/\/www.instagram.com\/junglaestudio_musica\/?hl=es","https:\/\/www.youtube.com\/channel\/UC_QtHim6M3G1wjrpMjLQInA"]}]}},"_links":{"self":[{"href":"https:\/\/junglaestudio.com\/index.php?rest_route=\/wp\/v2\/pages\/32","targetHints":{"allow":["GET"]}}],"collection":[{"href":"https:\/\/junglaestudio.com\/index.php?rest_route=\/wp\/v2\/pages"}],"about":[{"href":"https:\/\/junglaestudio.com\/index.php?rest_route=\/wp\/v2\/types\/page"}],"author":[{"embeddable":true,"href":"https:\/\/junglaestudio.com\/index.php?rest_route=\/wp\/v2\/users\/1"}],"replies":[{"embeddable":true,"href":"https:\/\/junglaestudio.com\/index.php?rest_route=%2Fwp%2Fv2%2Fcomments&post=32"}],"version-history":[{"count":17,"href":"https:\/\/junglaestudio.com\/index.php?rest_route=\/wp\/v2\/pages\/32\/revisions"}],"predecessor-version":[{"id":972,"href":"https:\/\/junglaestudio.com\/index.php?rest_route=\/wp\/v2\/pages\/32\/revisions\/972"}],"wp:attachment":[{"href":"https:\/\/junglaestudio.com\/index.php?rest_route=%2Fwp%2Fv2%2Fmedia&parent=32"}],"curies":[{"name":"wp","href":"https:\/\/api.w.org\/{rel}","templated":true}]}}